{"id":294,"date":"2023-02-11T06:55:09","date_gmt":"2023-02-11T06:55:09","guid":{"rendered":"https:\/\/www.wordpresstheme.net\/developer\/radiantthemewedding\/?page_id=9"},"modified":"2025-01-29T23:50:11","modified_gmt":"2025-01-29T23:50:11","slug":"contact-hvac-houston","status":"publish","type":"page","link":"https:\/\/www.adgservicesairconditioning.com\/es\/contact-hvac-houston\/","title":{"rendered":"Contact us"},"content":{"rendered":"<p>[vc_section full_width=\u00bbstretch_row\u00bb css=\u00bb.vc_custom_1519729320894{margin-top: 0px !important;margin-bottom: 0px !important;padding-top: 0px !important;padding-bottom: 0px !important;background-color: #ffffff !important;background-position: center !important;background-repeat: no-repeat !important;background-size: cover !important;}\u00bb][vc_row equal_height=\u00bbyes\u00bb css_animation=\u00bbnone\u00bb css=\u00bb.vc_custom_1519729633442{margin-top: 0px !important;margin-bottom: 0px !important;padding-top: 73px !important;padding-bottom: 73px !important;}\u00bb][vc_column width=\u00bb2\/3&#8243; css=\u00bb.vc_custom_1519729536737{margin-top: 0px !important;margin-bottom: 0px !important;padding-top: 70px !important;padding-right: 46px !important;padding-bottom: 70px !important;padding-left: 46px !important;background-color: #ffffff !important;}\u00bb el_class=\u00bbbox-shadow-contact\u00bb][vc_custom_heading text=\u00bbSolicite un horario de servicio hoy&#8230;\u00bb font_container=\u00bbtag:h2|font_size:36px|text_align:center|line_height:45px\u00bb use_theme_fonts=\u00bbyes\u00bb css_animation=\u00bbnone\u00bb css=\u00bb.vc_custom_1737507235864{margin-top: 8px !important;margin-bottom: 0px !important;padding-top: 0px !important;padding-bottom: 0px !important;}\u00bb][vc_column_text css_animation=\u00bbnone\u00bb css=\u00bb.vc_custom_1737507248831{margin-top: 15px !important;margin-bottom: 0px !important;padding-top: 0px !important;padding-right: 50px !important;padding-bottom: 0px !important;padding-left: 50px !important;}\u00bb]<\/p>\n<p style=\"text-align: center;\">\u00bfNecesita instalaci\u00f3n de HVAC en Houston? Nuestros t\u00e9cnicos expertos instalan sistemas de aire acondicionado energ\u00e9ticamente eficientes para hogares y empresas. \u00a1Cont\u00e1ctenos para una cotizaci\u00f3n gratuita hoy!<\/p>\n<p>[\/vc_column_text][vc_row_inner css=\u00bb.vc_custom_1519730957211{margin-top: 35px !important;margin-bottom: 0px !important;padding-top: 0px !important;padding-bottom: 0px !important;}\u00bb][vc_column_inner]\r<!-- rt-cf7 -->\r<div class=\"radiant-contact-form rtea5ec2946c9fe0b element-one \"  >\n<div class=\"wpcf7 no-js\" id=\"wpcf7-f7230-o1\" lang=\"en-US\" dir=\"ltr\" data-wpcf7-id=\"7230\">\n<div class=\"screen-reader-response\"><p role=\"status\" aria-live=\"polite\" aria-atomic=\"true\"><\/p> <ul><\/ul><\/div>\n<form action=\"\/es\/wp-json\/wp\/v2\/pages\/294#wpcf7-f7230-o1\" method=\"post\" class=\"wpcf7-form init\" aria-label=\"Contact form\" novalidate=\"novalidate\" data-status=\"init\">\n<div style=\"display: none;\">\n<input type=\"hidden\" name=\"_wpcf7\" value=\"7230\" \/>\n<input type=\"hidden\" name=\"_wpcf7_version\" value=\"6.0.3\" \/>\n<input type=\"hidden\" name=\"_wpcf7_locale\" value=\"en_US\" \/>\n<input type=\"hidden\" name=\"_wpcf7_unit_tag\" value=\"wpcf7-f7230-o1\" \/>\n<input type=\"hidden\" name=\"_wpcf7_container_post\" value=\"0\" \/>\n<input type=\"hidden\" name=\"_wpcf7_posted_data_hash\" value=\"\" \/>\n<input type=\"hidden\" name=\"_wpcf7_recaptcha_response\" value=\"\" \/>\n<\/div>\n<div class=\"row\">\n\t<div class=\"col-lg-12 col-md-12 col-sm-12 col-xs-12\">\n\t\t<div class=\"form-row\">\n\t\t\t<p><span class=\"wpcf7-form-control-wrap\" data-name=\"your-name\"><input size=\"40\" maxlength=\"400\" class=\"wpcf7-form-control wpcf7-text wpcf7-validates-as-required\" aria-required=\"true\" aria-invalid=\"false\" placeholder=\"Nombre:\" value=\"\" type=\"text\" name=\"your-name\" \/><\/span>\n\t\t\t<\/p>\n\t\t<\/div>\n\t<\/div>\n\t<div class=\"col-lg-6 col-md-6 col-sm-12 col-xs-12\">\n\t\t<div class=\"form-row\">\n\t\t\t<p><span class=\"wpcf7-form-control-wrap\" data-name=\"your-email\"><input size=\"40\" maxlength=\"400\" class=\"wpcf7-form-control wpcf7-email wpcf7-validates-as-required wpcf7-text wpcf7-validates-as-email\" aria-required=\"true\" aria-invalid=\"false\" placeholder=\"Correo:\" value=\"\" type=\"email\" name=\"your-email\" \/><\/span>\n\t\t\t<\/p>\n\t\t<\/div>\n\t<\/div>\n\t<div class=\"col-lg-6 col-md-6 col-sm-12 col-xs-12\">\n\t\t<div class=\"form-row\">\n\t\t\t<p><span class=\"wpcf7-form-control-wrap\" data-name=\"phone\"><input size=\"40\" maxlength=\"400\" class=\"wpcf7-form-control wpcf7-tel wpcf7-text wpcf7-validates-as-tel\" aria-invalid=\"false\" placeholder=\"Tel\u00e9fono:\" value=\"\" type=\"tel\" name=\"phone\" \/><\/span>\n\t\t\t<\/p>\n\t\t<\/div>\n\t<\/div>\n\t<div class=\"col-lg-12 col-md-12 col-sm-12 col-xs-12\">\n\t\t<div class=\"form-row\">\n\t\t\t<p><span class=\"wpcf7-form-control-wrap\" data-name=\"message\"><textarea cols=\"40\" rows=\"10\" maxlength=\"2000\" class=\"wpcf7-form-control wpcf7-textarea\" aria-invalid=\"false\" placeholder=\"Mensaje:\" name=\"message\"><\/textarea><\/span><br \/>\n\t\t\t<span class=\"wpcf7-form-control-wrap recaptcha\" data-name=\"recaptcha\"><span data-sitekey=\"6LeNC78qAAAAAHH8w_KOHoYNPh9Jy7BCFXI331e6\" class=\"wpcf7-form-control wpcf7-recaptcha g-recaptcha\"><\/span>\r\n<noscript>\r\n\t<div class=\"grecaptcha-noscript\">\r\n\t\t<iframe loading=\"lazy\" src=\"https:\/\/www.google.com\/recaptcha\/api\/fallback?k=6LeNC78qAAAAAHH8w_KOHoYNPh9Jy7BCFXI331e6\" frameborder=\"0\" scrolling=\"no\" width=\"310\" height=\"430\">\r\n\t\t<\/iframe>\r\n\t\t<textarea name=\"g-recaptcha-response\" rows=\"3\" cols=\"40\" placeholder=\"reCaptcha Response Here\">\r\n\t\t<\/textarea>\r\n\t<\/div>\r\n<\/noscript>\r\n<\/span>\n\t\t\t<\/p>\n\t\t<\/div>\n\t<\/div>\n\t<div class=\"col-lg-12 col-md-12 col-sm-12 col-xs-12\">\n\t\t<div class=\"form-row last button text-center\">\n\t\t\t<p><input class=\"wpcf7-form-control wpcf7-submit has-spinner custom-btn-submit\" type=\"submit\" value=\"ENVIAR\" \/>\n\t\t\t<\/p>\n\t\t<\/div>\n\t<\/div>\n<\/div><p style=\"display: none !important;\" class=\"akismet-fields-container\" data-prefix=\"_wpcf7_ak_\"><label>&#916;<textarea name=\"_wpcf7_ak_hp_textarea\" cols=\"45\" rows=\"8\" maxlength=\"100\"><\/textarea><\/label><input type=\"hidden\" id=\"ak_js_1\" name=\"_wpcf7_ak_js\" value=\"65\"\/><script>document.getElementById( \"ak_js_1\" ).setAttribute( \"value\", ( new Date() ).getTime() );<\/script><\/p><div class=\"wpcf7-response-output\" aria-hidden=\"true\"><\/div>\n<\/form>\n<\/div>\n<\/div>\r<!-- rt-cf7 -->\r[\/vc_column_inner][\/vc_row_inner][\/vc_column][vc_column width=\u00bb1\/3&#8243; css=\u00bb.vc_custom_1519729616372{padding-top: 70px !important;padding-right: 30px !important;padding-bottom: 70px !important;padding-left: 30px !important;background-color: #f4f4f4 !important;}\u00bb][vc_row_inner css=\u00bb.vc_custom_1519730303419{margin-top: 0px !important;margin-bottom: 0px !important;padding-top: 25px !important;padding-bottom: 25px !important;}\u00bb el_class=\u00bbunder-line\u00bb][vc_column_inner][vc_custom_heading text=\u00bbLl\u00e1menos\u00bb font_container=\u00bbtag:h2|font_size:15px|text_align:left|line_height:24px\u00bb use_theme_fonts=\u00bbyes\u00bb][vc_custom_heading text=\u00bb+1 (832) 881-5406&#8243; font_container=\u00bbtag:h4|font_size:35px|text_align:left|line_height:44px\u00bb use_theme_fonts=\u00bbyes\u00bb css=\u00bb.vc_custom_1737500879605{margin-top: 15px !important;margin-bottom: 0px !important;padding-top: 0px !important;padding-bottom: 0px !important;}\u00bb link=\u00bburl:https%3A%2F%2Fbit.ly%2F3Ws4Adm|||\u00bb][\/vc_column_inner][\/vc_row_inner][vc_row_inner css=\u00bb.vc_custom_1519732835264{margin-top: 0px !important;margin-bottom: 0px !important;padding-top: 25px !important;padding-bottom: 0px !important;}\u00bb][vc_column_inner][vc_custom_heading text=\u00bbEmail:\u00bb font_container=\u00bbtag:h2|font_size:15px|text_align:left|line_height:24px\u00bb use_theme_fonts=\u00bbyes\u00bb][vc_custom_heading text=\u00bbADGServicesHouston@gmail.com\u00bb font_container=\u00bbtag:p|font_size:15px|text_align:left|line_height:24px\u00bb use_theme_fonts=\u00bbyes\u00bb css=\u00bb.vc_custom_1736442261254{margin-top: 15px !important;margin-bottom: 0px !important;padding-top: 0px !important;padding-bottom: 0px !important;}\u00bb link=\u00bburl:mail%3AADGServicesHouston%40gmail.com|||\u00bb][\/vc_column_inner][\/vc_row_inner][\/vc_column][\/vc_row][vc_row full_width=\u00bbstretch_row\u00bb equal_height=\u00bbyes\u00bb content_placement=\u00bbmiddle\u00bb css_animation=\u00bbnone\u00bb css=\u00bb.vc_custom_1519731054960{margin-top: 0px !important;margin-bottom: 0px !important;padding-top: 0px !important;padding-bottom: 0px !important;}\u00bb][vc_column css=\u00bb.vc_custom_1519731649934{margin-top: 0px !important;margin-bottom: 0px !important;padding-top: 0px !important;padding-right: 0px !important;padding-bottom: 35px !important;padding-left: 0px !important;}\u00bb][\/vc_column][\/vc_row][\/vc_section]<\/p>\n","protected":false},"excerpt":{"rendered":"<p>[vc_section full_width=\u00bbstretch_row\u00bb css=\u00bb.vc_custom_1519729320894{margin-top: 0px !important;margin-bottom: 0px !important;padding-top: 0px !important;padding-bottom: 0px !important;background-color: #ffffff !important;background-position: center !important;background-repeat: no-repeat !important;background-size: cover !important;}\u00bb][vc_row equal_height=\u00bbyes\u00bb css_animation=\u00bbnone\u00bb css=\u00bb.vc_custom_1519729633442{margin-top: 0px !important;margin-bottom: 0px !important;padding-top: 73px !important;padding-bottom: 73px !important;}\u00bb][vc_column width=\u00bb2\/3&#8243; css=\u00bb.vc_custom_1519729536737{margin-top: 0px !important;margin-bottom: 0px !important;padding-top: 70px !important;padding-right: 46px !important;padding-bottom: 70px !important;padding-left: 46px !important;background-color: #ffffff !important;}\u00bb el_class=\u00bbbox-shadow-contact\u00bb][vc_custom_heading text=\u00bbSolicite un horario de servicio hoy&#8230;\u00bb font_container=\u00bbtag:h2|font_size:36px|text_align:center|line_height:45px\u00bb use_theme_fonts=\u00bbyes\u00bb [&hellip;]<\/p>\n","protected":false},"author":1,"featured_media":0,"parent":0,"menu_order":0,"comment_status":"closed","ping_status":"closed","template":"","meta":{"footnotes":""},"class_list":["post-294","page","type-page","status-publish","hentry"],"aioseo_notices":[],"_links":{"self":[{"href":"https:\/\/www.adgservicesairconditioning.com\/es\/wp-json\/wp\/v2\/pages\/294","targetHints":{"allow":["GET"]}}],"collection":[{"href":"https:\/\/www.adgservicesairconditioning.com\/es\/wp-json\/wp\/v2\/pages"}],"about":[{"href":"https:\/\/www.adgservicesairconditioning.com\/es\/wp-json\/wp\/v2\/types\/page"}],"author":[{"embeddable":true,"href":"https:\/\/www.adgservicesairconditioning.com\/es\/wp-json\/wp\/v2\/users\/1"}],"replies":[{"embeddable":true,"href":"https:\/\/www.adgservicesairconditioning.com\/es\/wp-json\/wp\/v2\/comments?post=294"}],"version-history":[{"count":19,"href":"https:\/\/www.adgservicesairconditioning.com\/es\/wp-json\/wp\/v2\/pages\/294\/revisions"}],"predecessor-version":[{"id":9836,"href":"https:\/\/www.adgservicesairconditioning.com\/es\/wp-json\/wp\/v2\/pages\/294\/revisions\/9836"}],"wp:attachment":[{"href":"https:\/\/www.adgservicesairconditioning.com\/es\/wp-json\/wp\/v2\/media?parent=294"}],"curies":[{"name":"wp","href":"https:\/\/api.w.org\/{rel}","templated":true}]}}