{"id":5383,"date":"2023-02-16T06:58:21","date_gmt":"2023-02-16T06:58:21","guid":{"rendered":"https:\/\/www.adgservicesairconditioning.com\/?page_id=5383"},"modified":"2025-01-29T23:50:20","modified_gmt":"2025-01-29T23:50:20","slug":"hvac-services","status":"publish","type":"page","link":"https:\/\/www.adgservicesairconditioning.com\/es\/hvac-services\/","title":{"rendered":"AIR CONDITIONING SERVICES"},"content":{"rendered":"<p>[vc_row full_width=\u00bbstretch_row\u00bb gap=\u00bb20&#8243; css_animation=\u00bbnone\u00bb css=\u00bb.vc_custom_1519364359340{margin-top: 0px !important;margin-right: -15px !important;margin-bottom: 0px !important;margin-left: -15px !important;padding-top: 53px !important;padding-bottom: 65px !important;background-color: #ffffff !important;}\u00bb][vc_column css_animation=\u00bbnone\u00bb width=\u00bb3\/4&#8243; css=\u00bb.vc_custom_1511243001013{padding-top: 0px !important;padding-bottom: 0px !important;}\u00bb][vc_custom_heading text=\u00bbServicios de aire acondicionado en Houston\u00bb font_container=\u00bbtag:h3|font_size:20px|text_align:left\u00bb use_theme_fonts=\u00bbyes\u00bb css=\u00bb.vc_custom_1737504562985{margin-top: 0px !important;margin-bottom: 0px !important;padding-top: 0px !important;padding-bottom: 1px !important;}\u00bb][vc_custom_heading text=\u00bbADG SERVICES\u00bb font_container=\u00bbtag:h3|font_size:35px|text_align:left|line_height:42px\u00bb use_theme_fonts=\u00bbyes\u00bb css=\u00bb.vc_custom_1736440122432{margin-bottom: 0px !important;padding-bottom: 25px !important;}\u00bb][vc_single_image image=\u00bb5313&#8243; img_size=\u00bbfull\u00bb css=\u00bb.vc_custom_1519370560336{margin-top: 0px !important;margin-bottom: 0px !important;padding-top: 0px !important;padding-bottom: 0px !important;}\u00bb]<div class=\"radiantthemes-timeline element-one \"><div class=\"radiantthemes-timeline-item row\"><div class=\"radiantthemes-timeline-item-pic col-lg-5 col-md-5 col-sm-5 col-xs-12\"><div class=\"radiantthemes-timeline-item-pic-main  matchHeight\"><img loading=\"lazy\" decoding=\"async\" src=\"https:\/\/www.adgservicesairconditioning.com\/es\/wp-content\/plugins\/radiantthemes-addons\/timeline\/images\/Blank-Image-100x90.jpg\" alt=\"blank image\" width=\"100\" height=\"90\"><div class=\"holder\"><img loading=\"lazy\" decoding=\"async\" width=\"847\" height=\"757\" src=\"https:\/\/www.adgservicesairconditioning.com\/es\/wp-content\/uploads\/2025\/01\/adg-services3.jpg\" class=\"attachment-full size-full\" alt=\"\" srcset=\"https:\/\/www.adgservicesairconditioning.com\/es\/wp-content\/uploads\/2025\/01\/adg-services3.jpg 847w, https:\/\/www.adgservicesairconditioning.com\/es\/wp-content\/uploads\/2025\/01\/adg-services3-300x268.jpg 300w, https:\/\/www.adgservicesairconditioning.com\/es\/wp-content\/uploads\/2025\/01\/adg-services3-768x686.jpg 768w\" sizes=\"auto, (max-width: 847px) 100vw, 847px\" \/><\/div><\/div><\/div><div class=\"radiantthemes-timeline-item-data col-lg-7 col-md-7 col-sm-7 col-xs-12\"><div class=\"holder matchHeight\"><h4>Ventas de aire acondicionado<\/h4><p>\u00bfBusca un nuevo sistema de aire acondicionado? Ofrecemos una amplia gama de unidades de aire acondicionado de alta calidad y bajo consumo de marcas l\u00edderes que se adaptan a cada necesidad y presupuesto. Nuestros expertos lo ayudar\u00e1n a elegir el sistema adecuado para su espacio, garantizando un rendimiento \u00f3ptimo y ahorro de energ\u00eda.<\/p><\/div><\/div><\/div><div class=\"radiantthemes-timeline-item row\"><div class=\"radiantthemes-timeline-item-pic col-lg-5 col-md-5 col-sm-5 col-xs-12\"><div class=\"radiantthemes-timeline-item-pic-main  matchHeight\"><img loading=\"lazy\" decoding=\"async\" src=\"https:\/\/www.adgservicesairconditioning.com\/es\/wp-content\/plugins\/radiantthemes-addons\/timeline\/images\/Blank-Image-100x90.jpg\" alt=\"blank image\" width=\"100\" height=\"90\"><div class=\"holder\"><img loading=\"lazy\" decoding=\"async\" width=\"847\" height=\"757\" src=\"https:\/\/www.adgservicesairconditioning.com\/es\/wp-content\/uploads\/2025\/01\/adg-services2.jpg\" class=\"attachment-full size-full\" alt=\"\" srcset=\"https:\/\/www.adgservicesairconditioning.com\/es\/wp-content\/uploads\/2025\/01\/adg-services2.jpg 847w, https:\/\/www.adgservicesairconditioning.com\/es\/wp-content\/uploads\/2025\/01\/adg-services2-300x268.jpg 300w, https:\/\/www.adgservicesairconditioning.com\/es\/wp-content\/uploads\/2025\/01\/adg-services2-768x686.jpg 768w\" sizes=\"auto, (max-width: 847px) 100vw, 847px\" \/><\/div><\/div><\/div><div class=\"radiantthemes-timeline-item-data col-lg-7 col-md-7 col-sm-7 col-xs-12\"><div class=\"holder matchHeight\"><h4>Instalaci\u00f3n de aire acondicionado<\/h4><p><\/p>\n<p data-pm-slice=\"1 1 &#091;&#093;\">Un sistema de aire acondicionado correctamente instalado garantiza eficiencia y longevidad. Nuestros t\u00e9cnicos certificados brindan servicios profesionales de instalaci\u00f3n de aire acondicionado, lo que garantiza que su sistema est\u00e9 configurado correctamente y funcione sin problemas desde el primer d\u00eda.<\/p>\n<p><\/p><\/div><\/div><\/div><div class=\"radiantthemes-timeline-item row\"><div class=\"radiantthemes-timeline-item-pic col-lg-5 col-md-5 col-sm-5 col-xs-12\"><div class=\"radiantthemes-timeline-item-pic-main  matchHeight\"><img loading=\"lazy\" decoding=\"async\" src=\"https:\/\/www.adgservicesairconditioning.com\/es\/wp-content\/plugins\/radiantthemes-addons\/timeline\/images\/Blank-Image-100x90.jpg\" alt=\"blank image\" width=\"100\" height=\"90\"><div class=\"holder\"><img loading=\"lazy\" decoding=\"async\" width=\"847\" height=\"757\" src=\"https:\/\/www.adgservicesairconditioning.com\/es\/wp-content\/uploads\/2025\/01\/adg-services1.jpg\" class=\"attachment-full size-full\" alt=\"\" srcset=\"https:\/\/www.adgservicesairconditioning.com\/es\/wp-content\/uploads\/2025\/01\/adg-services1.jpg 847w, https:\/\/www.adgservicesairconditioning.com\/es\/wp-content\/uploads\/2025\/01\/adg-services1-300x268.jpg 300w, https:\/\/www.adgservicesairconditioning.com\/es\/wp-content\/uploads\/2025\/01\/adg-services1-768x686.jpg 768w\" sizes=\"auto, (max-width: 847px) 100vw, 847px\" \/><\/div><\/div><\/div><div class=\"radiantthemes-timeline-item-data col-lg-7 col-md-7 col-sm-7 col-xs-12\"><div class=\"holder matchHeight\"><h4>Mantenimiento de aire acondicionado<\/h4><p><\/p>\n<p data-pm-slice=\"1 1 &#091;&#093;\">El mantenimiento regular es esencial para mantener su sistema de aire acondicionado funcionando de manera eficiente y evitar reparaciones costosas. Ofrecemos planes de mantenimiento integrales para extender la vida \u00fatil de su unidad de aire acondicionado y garantizar que funcione al m\u00e1ximo rendimiento.<\/p>\n<p><\/p><\/div><\/div><\/div><\/div>[\/vc_column][vc_column width=\u00bb1\/4&#8243; css=\u00bb.vc_custom_1518763663115{margin-top: 0px !important;margin-bottom: 0px !important;padding-top: 0px !important;}\u00bb][vc_row_inner css=\u00bb.vc_custom_1586910162331{margin-top: 0px !important;margin-bottom: 0px !important;padding-top: 0px !important;padding-bottom: 0px !important;background-color: #01548c !important;background-position: center !important;background-repeat: no-repeat !important;background-size: cover !important;border-radius: 15px !important;}\u00bb][vc_column_inner css=\u00bb.vc_custom_1518768764441{margin-top: 0px !important;margin-bottom: 0px !important;padding-top: 35px !important;padding-right: 17px !important;padding-bottom: 50px !important;padding-left: 17px !important;}\u00bb][vc_custom_heading text=\u00bbCall us:\u00bb font_container=\u00bbtag:h4|font_size:18|text_align:center|color:%23ffffff\u00bb use_theme_fonts=\u00bbyes\u00bb css=\u00bb.vc_custom_1736441007735{margin-top: 0px !important;margin-bottom: 0px !important;padding-top: 0px !important;padding-bottom: 17px !important;}\u00bb][vc_column_text]<\/p>\n<p style=\"text-align: center;\"><strong><a style=\"text-align: center; color: #fff; font-size: 25px;\" href=\"tel:8328815406\">+1 (832) 881-5406<\/a><\/strong>[\/vc_column_text]\r<!-- rt-button2 -->\r<div class=\"rt-button2 element-two hover-style-one exa6470ebe62fb040  button-custom\"  data-button-direction=\"center\" data-button-fullwidth=\"false\" ><a style=\" color: #161617; font-size: 13px;\" class=\"rt-button2-main  vc_custom_1738194512369\" href=\"https:\/\/bit.ly\/3Ws4Adm\"  title=\"Cont\u00e1ctenos\" target=\"_self\"><div class=\"overlay\"><\/div><div class=\"placeholder\">CONTACT US<\/div><\/a><\/div>\r<!-- rt-button2 -->\r[\/vc_column_inner][\/vc_row_inner][\/vc_column][\/vc_row][vc_row][vc_column][vc_column_text][\/vc_column_text][\/vc_column][\/vc_row][vc_row][vc_column][vc_column_text][\/vc_column_text][\/vc_column][\/vc_row][vc_row][vc_column][vc_column_text]<\/p>\n<p>[\/vc_column_text][\/vc_column][\/vc_row]<\/p>\n","protected":false},"excerpt":{"rendered":"<p>[vc_row full_width=\u00bbstretch_row\u00bb gap=\u00bb20&#8243; css_animation=\u00bbnone\u00bb css=\u00bb.vc_custom_1519364359340{margin-top: 0px !important;margin-right: -15px !important;margin-bottom: 0px !important;margin-left: -15px !important;padding-top: 53px !important;padding-bottom: 65px !important;background-color: #ffffff !important;}\u00bb][vc_column css_animation=\u00bbnone\u00bb width=\u00bb3\/4&#8243; css=\u00bb.vc_custom_1511243001013{padding-top: 0px !important;padding-bottom: 0px !important;}\u00bb][vc_custom_heading text=\u00bbServicios de aire acondicionado en Houston\u00bb font_container=\u00bbtag:h3|font_size:20px|text_align:left\u00bb use_theme_fonts=\u00bbyes\u00bb css=\u00bb.vc_custom_1737504562985{margin-top: 0px !important;margin-bottom: 0px !important;padding-top: 0px !important;padding-bottom: 1px !important;}\u00bb][vc_custom_heading text=\u00bbADG SERVICES\u00bb font_container=\u00bbtag:h3|font_size:35px|text_align:left|line_height:42px\u00bb use_theme_fonts=\u00bbyes\u00bb css=\u00bb.vc_custom_1736440122432{margin-bottom: 0px !important;padding-bottom: 25px !important;}\u00bb][vc_single_image image=\u00bb5313&#8243; img_size=\u00bbfull\u00bb css=\u00bb.vc_custom_1519370560336{margin-top: [&hellip;]<\/p>\n","protected":false},"author":1,"featured_media":0,"parent":0,"menu_order":0,"comment_status":"closed","ping_status":"closed","template":"","meta":{"footnotes":""},"class_list":["post-5383","page","type-page","status-publish","hentry"],"aioseo_notices":[],"_links":{"self":[{"href":"https:\/\/www.adgservicesairconditioning.com\/es\/wp-json\/wp\/v2\/pages\/5383","targetHints":{"allow":["GET"]}}],"collection":[{"href":"https:\/\/www.adgservicesairconditioning.com\/es\/wp-json\/wp\/v2\/pages"}],"about":[{"href":"https:\/\/www.adgservicesairconditioning.com\/es\/wp-json\/wp\/v2\/types\/page"}],"author":[{"embeddable":true,"href":"https:\/\/www.adgservicesairconditioning.com\/es\/wp-json\/wp\/v2\/users\/1"}],"replies":[{"embeddable":true,"href":"https:\/\/www.adgservicesairconditioning.com\/es\/wp-json\/wp\/v2\/comments?post=5383"}],"version-history":[{"count":36,"href":"https:\/\/www.adgservicesairconditioning.com\/es\/wp-json\/wp\/v2\/pages\/5383\/revisions"}],"predecessor-version":[{"id":9834,"href":"https:\/\/www.adgservicesairconditioning.com\/es\/wp-json\/wp\/v2\/pages\/5383\/revisions\/9834"}],"wp:attachment":[{"href":"https:\/\/www.adgservicesairconditioning.com\/es\/wp-json\/wp\/v2\/media?parent=5383"}],"curies":[{"name":"wp","href":"https:\/\/api.w.org\/{rel}","templated":true}]}}