{"id":7512,"date":"2024-03-06T09:20:19","date_gmt":"2024-03-06T09:20:19","guid":{"rendered":"https:\/\/www.adgservicesairconditioning.com\/?page_id=7512"},"modified":"2025-01-29T23:49:42","modified_gmt":"2025-01-29T23:49:42","slug":"home-page-version-6","status":"publish","type":"page","link":"https:\/\/www.adgservicesairconditioning.com\/es\/","title":{"rendered":"Home"},"content":{"rendered":"<p>[vc_row full_width=\u00bbstretch_row\u00bb css=\u00bb.vc_custom_1737508326216{margin-top: 0px !important;margin-right: 0px !important;margin-bottom: 0px !important;margin-left: 0px !important;padding-top: 54px !important;padding-bottom: 54px !important;background-image: url(https:\/\/www.adgservicesairconditioning.com\/es\/wp-content\/uploads\/2025\/01\/adg-services-havc1-1.jpg?id=9827) !important;background-position: center !important;background-repeat: no-repeat !important;background-size: cover !important;}\u00bb][vc_column width=\u00bb2\/3&#8243; css=\u00bb.vc_custom_1737508370894{margin-top: 0px !important;margin-right: 0px !important;margin-bottom: 0px !important;margin-left: 0px !important;padding-top: 30px !important;padding-right: 34px !important;padding-bottom: 15px !important;padding-left: 30px !important;}\u00bb el_class=\u00bbbox-shadow-form\u00bb][vc_custom_heading text=\u00bbExpertos en HVAC en Houston\u00bb font_container=\u00bbtag:h1|font_size:62px|text_align:left|color:%23ffffff|line_height:86px\u00bb use_theme_fonts=\u00bbyes\u00bb][vc_custom_heading text=\u00bb\u00bfBusca servicios confiables de aire acondicionado en Houston? Ofrecemos instalaci\u00f3n, reparaci\u00f3n y mantenimiento de aire acondicionado de alta calidad para mantener su hogar fresco durante todo el a\u00f1o. \u00a1Ll\u00e1manos hoy!\u00bb font_container=\u00bbtag:h2|font_size:21px|text_align:left|color:%23ffffff|line_height:26px\u00bb use_theme_fonts=\u00bbyes\u00bb css=\u00bb.vc_custom_1737508424903{margin-top: 20px !important;}\u00bb]\r<!-- rt-button2 -->\r<div class=\"rt-button2 element-two hover-style-four ex203e8d1d4e4618f  \"  data-button-direction=\"left\" data-button-fullwidth=\"false\" ><a style=\" color: #ffffff; line-height: 25px; font-size: 12px;\" class=\"rt-button2-main  vc_custom_1738194576472\" href=\"https:\/\/bit.ly\/3Ws4Adm\"  title=\"\" target=\"_self\"><div class=\"overlay\"><\/div><div class=\"placeholder\">CONT\u00c1CTENOS<\/div><\/a><\/div>\r<!-- rt-button2 -->\r[\/vc_column][vc_column width=\u00bb1\/3&#8243; css=\u00bb.vc_custom_1737508381927{background-color: rgba(255,255,255,0.37) !important;*background-color: rgb(255,255,255) !important;}\u00bb][vc_custom_heading text=\u00bbAgenda tu servicio hoy mismo!\u00bb font_container=\u00bbtag:h2|font_size:30px|text_align:left|line_height:35px\u00bb use_theme_fonts=\u00bbyes\u00bb css=\u00bb.vc_custom_1737502284491{margin-top: 0px !important;margin-bottom: 0px !important;padding-top: 0px !important;padding-bottom: 0px !important;}\u00bb]\r<!-- rt-cf7 -->\r<div class=\"radiant-contact-form rt3ec1a0499c3cdc0 element-one banner-form\"  >\n<div class=\"wpcf7 no-js\" id=\"wpcf7-f7230-o1\" lang=\"en-US\" dir=\"ltr\" data-wpcf7-id=\"7230\">\n<div class=\"screen-reader-response\"><p role=\"status\" aria-live=\"polite\" aria-atomic=\"true\"><\/p> <ul><\/ul><\/div>\n<form action=\"\/es\/wp-json\/wp\/v2\/pages\/7512#wpcf7-f7230-o1\" method=\"post\" class=\"wpcf7-form init\" aria-label=\"Contact form\" novalidate=\"novalidate\" data-status=\"init\">\n<div style=\"display: none;\">\n<input type=\"hidden\" name=\"_wpcf7\" value=\"7230\" \/>\n<input type=\"hidden\" name=\"_wpcf7_version\" value=\"6.0.3\" \/>\n<input type=\"hidden\" name=\"_wpcf7_locale\" value=\"en_US\" \/>\n<input type=\"hidden\" name=\"_wpcf7_unit_tag\" value=\"wpcf7-f7230-o1\" \/>\n<input type=\"hidden\" name=\"_wpcf7_container_post\" value=\"0\" \/>\n<input type=\"hidden\" name=\"_wpcf7_posted_data_hash\" value=\"\" \/>\n<input type=\"hidden\" name=\"_wpcf7_recaptcha_response\" value=\"\" \/>\n<\/div>\n<div class=\"row\">\n\t<div class=\"col-lg-12 col-md-12 col-sm-12 col-xs-12\">\n\t\t<div class=\"form-row\">\n\t\t\t<p><span class=\"wpcf7-form-control-wrap\" data-name=\"your-name\"><input size=\"40\" maxlength=\"400\" class=\"wpcf7-form-control wpcf7-text wpcf7-validates-as-required\" aria-required=\"true\" aria-invalid=\"false\" placeholder=\"Nombre:\" value=\"\" type=\"text\" name=\"your-name\" \/><\/span>\n\t\t\t<\/p>\n\t\t<\/div>\n\t<\/div>\n\t<div class=\"col-lg-6 col-md-6 col-sm-12 col-xs-12\">\n\t\t<div class=\"form-row\">\n\t\t\t<p><span class=\"wpcf7-form-control-wrap\" data-name=\"your-email\"><input size=\"40\" maxlength=\"400\" class=\"wpcf7-form-control wpcf7-email wpcf7-validates-as-required wpcf7-text wpcf7-validates-as-email\" aria-required=\"true\" aria-invalid=\"false\" placeholder=\"Correo:\" value=\"\" type=\"email\" name=\"your-email\" \/><\/span>\n\t\t\t<\/p>\n\t\t<\/div>\n\t<\/div>\n\t<div class=\"col-lg-6 col-md-6 col-sm-12 col-xs-12\">\n\t\t<div class=\"form-row\">\n\t\t\t<p><span class=\"wpcf7-form-control-wrap\" data-name=\"phone\"><input size=\"40\" maxlength=\"400\" class=\"wpcf7-form-control wpcf7-tel wpcf7-text wpcf7-validates-as-tel\" aria-invalid=\"false\" placeholder=\"Tel\u00e9fono:\" value=\"\" type=\"tel\" name=\"phone\" \/><\/span>\n\t\t\t<\/p>\n\t\t<\/div>\n\t<\/div>\n\t<div class=\"col-lg-12 col-md-12 col-sm-12 col-xs-12\">\n\t\t<div class=\"form-row\">\n\t\t\t<p><span class=\"wpcf7-form-control-wrap\" data-name=\"message\"><textarea cols=\"40\" rows=\"10\" maxlength=\"2000\" class=\"wpcf7-form-control wpcf7-textarea\" aria-invalid=\"false\" placeholder=\"Mensaje:\" name=\"message\"><\/textarea><\/span><br \/>\n\t\t\t<span class=\"wpcf7-form-control-wrap recaptcha\" data-name=\"recaptcha\"><span data-sitekey=\"6LeNC78qAAAAAHH8w_KOHoYNPh9Jy7BCFXI331e6\" class=\"wpcf7-form-control wpcf7-recaptcha g-recaptcha\"><\/span>\r\n<noscript>\r\n\t<div class=\"grecaptcha-noscript\">\r\n\t\t<iframe loading=\"lazy\" src=\"https:\/\/www.google.com\/recaptcha\/api\/fallback?k=6LeNC78qAAAAAHH8w_KOHoYNPh9Jy7BCFXI331e6\" frameborder=\"0\" scrolling=\"no\" width=\"310\" height=\"430\">\r\n\t\t<\/iframe>\r\n\t\t<textarea name=\"g-recaptcha-response\" rows=\"3\" cols=\"40\" placeholder=\"reCaptcha Response Here\">\r\n\t\t<\/textarea>\r\n\t<\/div>\r\n<\/noscript>\r\n<\/span>\n\t\t\t<\/p>\n\t\t<\/div>\n\t<\/div>\n\t<div class=\"col-lg-12 col-md-12 col-sm-12 col-xs-12\">\n\t\t<div class=\"form-row last button text-center\">\n\t\t\t<p><input class=\"wpcf7-form-control wpcf7-submit has-spinner custom-btn-submit\" type=\"submit\" value=\"ENVIAR\" \/>\n\t\t\t<\/p>\n\t\t<\/div>\n\t<\/div>\n<\/div><p style=\"display: none !important;\" class=\"akismet-fields-container\" data-prefix=\"_wpcf7_ak_\"><label>&#916;<textarea name=\"_wpcf7_ak_hp_textarea\" cols=\"45\" rows=\"8\" maxlength=\"100\"><\/textarea><\/label><input type=\"hidden\" id=\"ak_js_1\" name=\"_wpcf7_ak_js\" value=\"73\"\/><script>document.getElementById( \"ak_js_1\" ).setAttribute( \"value\", ( new Date() ).getTime() );<\/script><\/p><div class=\"wpcf7-response-output\" aria-hidden=\"true\"><\/div>\n<\/form>\n<\/div>\n<\/div>\r<!-- rt-cf7 -->\r[\/vc_column][\/vc_row][vc_row full_width=\u00bbstretch_row\u00bb css=\u00bb.vc_custom_1587566225088{margin-top: 0px !important;margin-bottom: 0px !important;padding-top: 33px !important;padding-bottom: 33px !important;background-color: #ffffff !important;}\u00bb][vc_column width=\u00bb1\/2&#8243; css=\u00bb.vc_custom_1520331692284{margin-top: 0px !important;margin-bottom: 0px !important;padding-top: 0px !important;padding-bottom: 0px !important;}\u00bb el_class=\u00bbdemo6-text-line\u00bb][vc_custom_heading text=\u00bbInstalamos y mantenemos tu sistema de aire acondicionado, con la mejor calidad.\u00bb font_container=\u00bbtag:h3|font_size:28px|text_align:left|line_height:40px\u00bb use_theme_fonts=\u00bbyes\u00bb][\/vc_column][vc_column width=\u00bb1\/2&#8243; css=\u00bb.vc_custom_1520332207950{margin-top: 0px !important;margin-bottom: 0px !important;padding-top: 0px !important;padding-right: 0px !important;padding-bottom: 0px !important;padding-left: 0px !important;}\u00bb][vc_column_text css=\u00bb.vc_custom_1737502380043{margin-top: 0px !important;margin-bottom: 40px !important;padding-top: 0px !important;padding-bottom: 0px !important;}\u00bb el_class=\u00bbtext-padding\u00bb]En ADG Services, nos especializamos en brindar servicios de aire acondicionado y calefacci\u00f3n de alta calidad para mantener su hogar o negocio fresco y c\u00f3modo incluso durante los d\u00edas m\u00e1s calurosos de Houston.<\/p>\n<p>Ya sea que necesite instalaci\u00f3n, mantenimiento o reparaci\u00f3n, nuestro equipo de expertos est\u00e1 listo para brindar un servicio r\u00e1pido y confiable.[\/vc_column_text][\/vc_column][\/vc_row][vc_row full_width=\u00bbstretch_row\u00bb css=\u00bb.vc_custom_1737504188307{margin-top: 0px !important;margin-bottom: 0px !important;padding-top: 67px !important;padding-bottom: 64px !important;background-color: #1e73be !important;background-position: center !important;background-repeat: no-repeat !important;background-size: cover !important;}\u00bb][vc_column css=\u00bb.vc_custom_1519797007467{padding-top: 0px !important;padding-bottom: 0px !important;}\u00bb][vc_custom_heading text=\u00bbCont\u00e1ctenos hoy para garantizar su comodidad con un sistema de aire acondicionado en buen mantenimiento.\u00bb font_container=\u00bbtag:h2|font_size:36px|text_align:center|color:%23ffffff|line_height:40px\u00bb use_theme_fonts=\u00bbyes\u00bb css=\u00bb.vc_custom_1737502395371{margin-top: 0px !important;margin-bottom: 0px !important;padding-top: 0px !important;padding-bottom: 0px !important;}\u00bb][vc_single_image image=\u00bb6896&#8243; img_size=\u00bbfull\u00bb alignment=\u00bbcenter\u00bb css=\u00bb.vc_custom_1520332711315{margin-top: 22px !important;margin-bottom: -4px !important;padding-top: 0px !important;padding-bottom: 0px !important;}\u00bb][vc_custom_heading text=\u00bbOfrecemos servicios profesionales de instalaci\u00f3n de aire acondicionado para propiedades residenciales y comerciales en Houston.\u00bb font_container=\u00bbtag:p|font_size:20px|text_align:center|color:%23ffffff|line_height:26px\u00bb use_theme_fonts=\u00bbyes\u00bb css=\u00bb.vc_custom_1737502408939{margin-top: 0px !important;margin-bottom: 0px !important;padding-top: 0px !important;padding-bottom: 0px !important;}\u00bb][\/vc_column][vc_column][vc_row_inner][vc_column_inner width=\u00bb1\/3&#8243;]\r<!-- fancy-text-box -->\r<div class=\"rt-fancy-text-box element-four hover-active  box-padding text-under-border\"   data-fancy-text-box-align=\"center\"><div class=\"holder matchHeight  vc_custom_1737502423680\"><div class=\"pic\"><img loading=\"lazy\" decoding=\"async\" src=\"https:\/\/www.adgservicesairconditioning.com\/es\/wp-content\/uploads\/2025\/01\/air-conditioning.jpg\" alt=\"Instalaci\u00f3n de aire acondicionado\" width=\"158\" height=\"230\"\/><\/div><div class=\"title\"><h5 class=\"fancy-text-tag\"  style=\"font-size: 25px;line-height: 35px\" >Instalaci\u00f3n de aire acondicionado<\/h5><\/div><div class=\"data\"><p><\/p><\/div><div class=\"more\"><\/div><\/div><\/div>\r<!-- fancy-text-box -->\r[\/vc_column_inner][vc_column_inner width=\u00bb1\/3&#8243;]\r<!-- fancy-text-box -->\r<div class=\"rt-fancy-text-box element-four hover-active-on  box-padding text-under-border\"   data-fancy-text-box-align=\"center\"><div class=\"holder matchHeight  vc_custom_1737502435476\"><div class=\"pic\"><img loading=\"lazy\" decoding=\"async\" src=\"https:\/\/www.adgservicesairconditioning.com\/es\/wp-content\/uploads\/2025\/01\/adg-services.jpg\" alt=\"Reparaci\u00f3n de aire acondicionado\" width=\"158\" height=\"230\"\/><\/div><div class=\"title\"><h5 class=\"fancy-text-tag\"  style=\"font-size: 25px;line-height: 35px\" >Reparaci\u00f3n de aire acondicionado<\/h5><\/div><div class=\"data\"><p><\/p><\/div><div class=\"more\"><\/div><\/div><\/div>\r<!-- fancy-text-box -->\r[\/vc_column_inner][vc_column_inner width=\u00bb1\/3&#8243;]\r<!-- fancy-text-box -->\r<div class=\"rt-fancy-text-box element-four hover-active  box-padding text-under-border\"   data-fancy-text-box-align=\"center\"><div class=\"holder matchHeight  vc_custom_1737502453201\"><div class=\"pic\"><img loading=\"lazy\" decoding=\"async\" src=\"https:\/\/www.adgservicesairconditioning.com\/es\/wp-content\/uploads\/2025\/01\/adg-services-houston.jpg\" alt=\"Mantenimiento Preventivo\" width=\"158\" height=\"230\"\/><\/div><div class=\"title\"><h5 class=\"fancy-text-tag\"  style=\"font-size: 25px;line-height: 35px\" >Mantenimiento Preventivo<\/h5><\/div><div class=\"data\"><p><\/p><\/div><div class=\"more\"><\/div><\/div><\/div>\r<!-- fancy-text-box -->\r[\/vc_column_inner][\/vc_row_inner][vc_custom_heading text=\u00bbLa empresa de aire acondicionado de confianza de Houston\u00bb font_container=\u00bbtag:p|font_size:20px|text_align:center|color:%23ffffff|line_height:26px\u00bb use_theme_fonts=\u00bbyes\u00bb css=\u00bb.vc_custom_1737502512587{margin-top: 35px !important;margin-bottom: 25px !important;padding-top: 0px !important;padding-bottom: 0px !important;}\u00bb][\/vc_column][\/vc_row][vc_section css=\u00bb.vc_custom_1736439411664{margin-top: 30px !important;margin-right: 0px !important;margin-bottom: 0px !important;margin-left: 0px !important;padding-top: 30px !important;padding-right: 30px !important;padding-bottom: 30px !important;padding-left: 30px !important;background-image: url(https:\/\/www.adgservicesairconditioning.com\/wp-content\/uploads\/2025\/01\/adg-services-havc.jpg?id=9772) !important;background-position: center !important;background-repeat: no-repeat !important;background-size: cover !important;}\u00bb][vc_row equal_height=\u00bbyes\u00bb css=\u00bb.vc_custom_1519801041888{margin-top: 0px !important;margin-right: 0px !important;margin-bottom: 0px !important;margin-left: 0px !important;padding-top: 0px !important;padding-bottom: 0px !important;}\u00bb][vc_column width=\u00bb1\/2&#8243; css=\u00bb.vc_custom_1520335361715{margin-top: 0px !important;margin-right: 0px !important;margin-bottom: 40px !important;margin-left: 0px !important;padding-top: 0px !important;padding-right: 20px !important;padding-bottom: 0px !important;padding-left: 20px !important;}\u00bb][\/vc_column][vc_column width=\u00bb1\/2&#8243; css=\u00bb.vc_custom_1520335561086{margin-top: 0px !important;margin-right: 0px !important;margin-bottom: 0px !important;margin-left: 0px !important;padding-top: 45px !important;padding-right: 28px !important;padding-bottom: 45px !important;padding-left: 28px !important;background-color: rgba(255,255,255,0.81) !important;*background-color: rgb(255,255,255) !important;}\u00bb][vc_custom_heading text=\u00bbEl clima c\u00e1lido y h\u00famedo de Houston hace que sea esencial mantener su sistema de aire acondicionado funcionando sin problemas durante todo el a\u00f1o. El mantenimiento preventivo garantiza que su sistema funcione de manera eficiente, lo que reduce la probabilidad de reparaciones costosas y reduce sus facturas de energ\u00eda.\u00bb font_container=\u00bbtag:h4|font_size:18px|text_align:left|color:%23555f99|line_height:28px\u00bb use_theme_fonts=\u00bbyes\u00bb el_class=\u00bbfont-weight-bold\u00bb css=\u00bb.vc_custom_1737502529787{margin-top: 0px !important;margin-bottom: 20px !important;}\u00bb][vc_column_text css=\u00bb.vc_custom_1737502556267{margin-top: 0px !important;margin-bottom: 27px !important;}\u00bb]<strong>Beneficios del mantenimiento regular del aire acondicionado:<\/strong><\/p>\n<ul>\n<li>Mejora la eficiencia energ\u00e9tica, ahorr\u00e1ndote dinero en las facturas de electricidad.<\/li>\n<li>Evita aver\u00edas inesperadas y reparaciones costosas.<\/li>\n<li>Extiende la vida \u00fatil de su sistema.<\/li>\n<li>Mantiene el aire de su hogar o negocio limpio y saludable.<\/li>\n<\/ul>\n<p>[\/vc_column_text]\r<!-- rt-button2 -->\r<div class=\"rt-button2 element-two hover-style-four exa04fd6c5a4156f9  \"  data-button-direction=\"left\" data-button-fullwidth=\"false\" ><a style=\" color: #ffffff; line-height: 25px; font-size: 12px;\" class=\"rt-button2-main  vc_custom_1737500974929\" href=\"https:\/\/bit.ly\/3Ws4Adm\"  title=\"\" target=\"_self\"><div class=\"overlay\"><\/div><div class=\"placeholder\">CONTACT US<\/div><\/a><\/div>\r<!-- rt-button2 -->\r[\/vc_column][\/vc_row][\/vc_section][vc_row full_width=\u00bbstretch_row\u00bb css=\u00bb.vc_custom_1587566225088{margin-top: 0px !important;margin-bottom: 0px !important;padding-top: 33px !important;padding-bottom: 33px !important;background-color: #ffffff !important;}\u00bb][vc_column][vc_column_text css=\u00bb.vc_custom_1737502572499{margin-top: 0px !important;margin-bottom: 40px !important;padding-top: 0px !important;padding-bottom: 0px !important;}\u00bb el_class=\u00bbtext-padding\u00bb]<\/p>\n<p style=\"text-align: center;\">Trabajamos con las mejores marcas de la industria para garantizar que su nuevo sistema sea energ\u00e9ticamente eficiente, duradero y asequible.<\/p>\n<p>[\/vc_column_text][vc_images_carousel images=\u00bb9752,9798,9801,9802,9803,9804&#8243; img_size=\u00bbfull\u00bb speed=\u00bb3000&#8243; slides_per_view=\u00bb6&#8243; hide_pagination_control=\u00bbyes\u00bb hide_prev_next_buttons=\u00bbyes\u00bb][\/vc_column][\/vc_row][vc_row][vc_column][vc_column_text]<\/p>\n<h3 style=\"text-align: center;\">Tranquilidad con nuestros servicios de HVAC totalmente asegurados<\/h3>\n<p>[\/vc_column_text]\r<!-- rt-button2 -->\r<div class=\"rt-button2 element-two hover-style-four exa298b1d8e96678d  \"  data-button-direction=\"center\" data-button-fullwidth=\"false\" ><a style=\" color: #ffffff; line-height: 25px; font-size: 12px;\" class=\"rt-button2-main  vc_custom_1737501047114\" href=\"https:\/\/bit.ly\/3Ws4Adm\"  title=\"\" target=\"_self\"><div class=\"overlay\"><\/div><div class=\"placeholder\">CONTACT US<\/div><\/a><\/div>\r<!-- rt-button2 -->\r[\/vc_column][\/vc_row]<\/p>\n","protected":false},"excerpt":{"rendered":"<p>[vc_row full_width=\u00bbstretch_row\u00bb css=\u00bb.vc_custom_1737508326216{margin-top: 0px !important;margin-right: 0px !important;margin-bottom: 0px !important;margin-left: 0px !important;padding-top: 54px !important;padding-bottom: 54px !important;background-image: url(https:\/\/www.adgservicesairconditioning.com\/es\/wp-content\/uploads\/2025\/01\/adg-services-havc1-1.jpg?id=9827) !important;background-position: center !important;background-repeat: no-repeat !important;background-size: cover !important;}\u00bb][vc_column width=\u00bb2\/3&#8243; css=\u00bb.vc_custom_1737508370894{margin-top: 0px !important;margin-right: 0px !important;margin-bottom: 0px !important;margin-left: 0px !important;padding-top: 30px !important;padding-right: 34px !important;padding-bottom: 15px !important;padding-left: 30px !important;}\u00bb el_class=\u00bbbox-shadow-form\u00bb][vc_custom_heading text=\u00bbExpertos en HVAC en Houston\u00bb font_container=\u00bbtag:h1|font_size:62px|text_align:left|color:%23ffffff|line_height:86px\u00bb use_theme_fonts=\u00bbyes\u00bb][vc_custom_heading text=\u00bb\u00bfBusca servicios confiables de aire acondicionado [&hellip;]<\/p>\n","protected":false},"author":1,"featured_media":0,"parent":0,"menu_order":0,"comment_status":"closed","ping_status":"closed","template":"","meta":{"footnotes":""},"class_list":["post-7512","page","type-page","status-publish","hentry"],"aioseo_notices":[],"_links":{"self":[{"href":"https:\/\/www.adgservicesairconditioning.com\/es\/wp-json\/wp\/v2\/pages\/7512","targetHints":{"allow":["GET"]}}],"collection":[{"href":"https:\/\/www.adgservicesairconditioning.com\/es\/wp-json\/wp\/v2\/pages"}],"about":[{"href":"https:\/\/www.adgservicesairconditioning.com\/es\/wp-json\/wp\/v2\/types\/page"}],"author":[{"embeddable":true,"href":"https:\/\/www.adgservicesairconditioning.com\/es\/wp-json\/wp\/v2\/users\/1"}],"replies":[{"embeddable":true,"href":"https:\/\/www.adgservicesairconditioning.com\/es\/wp-json\/wp\/v2\/comments?post=7512"}],"version-history":[{"count":87,"href":"https:\/\/www.adgservicesairconditioning.com\/es\/wp-json\/wp\/v2\/pages\/7512\/revisions"}],"predecessor-version":[{"id":9838,"href":"https:\/\/www.adgservicesairconditioning.com\/es\/wp-json\/wp\/v2\/pages\/7512\/revisions\/9838"}],"wp:attachment":[{"href":"https:\/\/www.adgservicesairconditioning.com\/es\/wp-json\/wp\/v2\/media?parent=7512"}],"curies":[{"name":"wp","href":"https:\/\/api.w.org\/{rel}","templated":true}]}}