{"id":9789,"date":"2025-01-21T22:15:02","date_gmt":"2025-01-21T22:15:02","guid":{"rendered":"https:\/\/www.adgservicesairconditioning.com\/?page_id=9789"},"modified":"2025-01-29T23:50:09","modified_gmt":"2025-01-29T23:50:09","slug":"heating-services","status":"publish","type":"page","link":"https:\/\/www.adgservicesairconditioning.com\/es\/heating-services\/","title":{"rendered":"Heating Services"},"content":{"rendered":"<p>[vc_row full_width=\u00bbstretch_row\u00bb gap=\u00bb20&#8243; css_animation=\u00bbnone\u00bb css=\u00bb.vc_custom_1519364359340{margin-top: 0px !important;margin-right: -15px !important;margin-bottom: 0px !important;margin-left: -15px !important;padding-top: 53px !important;padding-bottom: 65px !important;background-color: #ffffff !important;}\u00bb][vc_column css_animation=\u00bbnone\u00bb width=\u00bb3\/4&#8243; css=\u00bb.vc_custom_1511243001013{padding-top: 0px !important;padding-bottom: 0px !important;}\u00bb][vc_custom_heading text=\u00bbMant\u00e9ngase abrigado durante todo el invierno con calefacci\u00f3n confiable en Houston\u00bb font_container=\u00bbtag:h3|font_size:20px|text_align:left\u00bb use_theme_fonts=\u00bbyes\u00bb css=\u00bb.vc_custom_1737507028448{margin-top: 0px !important;margin-bottom: 0px !important;padding-top: 0px !important;padding-bottom: 1px !important;}\u00bb][vc_custom_heading text=\u00bbSERVICIOS DE CALEFACCI\u00d3N\u00bb font_container=\u00bbtag:h3|font_size:35px|text_align:left|line_height:42px\u00bb use_theme_fonts=\u00bbyes\u00bb css=\u00bb.vc_custom_1737507039952{margin-bottom: 0px !important;padding-bottom: 25px !important;}\u00bb][vc_column_text]En Houston, las temperaturas pueden bajar inesperadamente. Aseg\u00farese de que su hogar se mantenga c\u00e1lido y confortable con nuestras soluciones de calefacci\u00f3n profesionales. Ya sea que necesite una nueva instalaci\u00f3n, reparaciones o mantenimiento, tenemos la experiencia para mantener su sistema funcionando de manera eficiente.[\/vc_column_text][vc_single_image image=\u00bb5313&#8243; img_size=\u00bbfull\u00bb css=\u00bb.vc_custom_1519370560336{margin-top: 0px !important;margin-bottom: 0px !important;padding-top: 0px !important;padding-bottom: 0px !important;}\u00bb]<div class=\"radiantthemes-timeline element-one \"><div class=\"radiantthemes-timeline-item row\"><div class=\"radiantthemes-timeline-item-pic col-lg-5 col-md-5 col-sm-5 col-xs-12\"><div class=\"radiantthemes-timeline-item-pic-main  matchHeight\"><img loading=\"lazy\" decoding=\"async\" src=\"https:\/\/www.adgservicesairconditioning.com\/es\/wp-content\/plugins\/radiantthemes-addons\/timeline\/images\/Blank-Image-100x90.jpg\" alt=\"blank image\" width=\"100\" height=\"90\"><div class=\"holder\"><img loading=\"lazy\" decoding=\"async\" width=\"437\" height=\"332\" src=\"https:\/\/www.adgservicesairconditioning.com\/es\/wp-content\/uploads\/2025\/01\/WhatsApp-Image-2025-01-21-at-6.00.41-PM.jpeg\" class=\"attachment-full size-full\" alt=\"\" srcset=\"https:\/\/www.adgservicesairconditioning.com\/es\/wp-content\/uploads\/2025\/01\/WhatsApp-Image-2025-01-21-at-6.00.41-PM.jpeg 437w, https:\/\/www.adgservicesairconditioning.com\/es\/wp-content\/uploads\/2025\/01\/WhatsApp-Image-2025-01-21-at-6.00.41-PM-300x228.jpeg 300w\" sizes=\"auto, (max-width: 437px) 100vw, 437px\" \/><\/div><\/div><\/div><div class=\"radiantthemes-timeline-item-data col-lg-7 col-md-7 col-sm-7 col-xs-12\"><div class=\"holder matchHeight\"><h4>Instalaci\u00f3n de calefacci\u00f3n<\/h4><p>Actualice su hogar con un sistema de calefacci\u00f3n energ\u00e9ticamente eficiente. Ofrecemos servicios de instalaci\u00f3n expertos para hornos, bombas de calor y m\u00e1s.<\/p><\/div><\/div><\/div><div class=\"radiantthemes-timeline-item row\"><div class=\"radiantthemes-timeline-item-pic col-lg-5 col-md-5 col-sm-5 col-xs-12\"><div class=\"radiantthemes-timeline-item-pic-main  matchHeight\"><img loading=\"lazy\" decoding=\"async\" src=\"https:\/\/www.adgservicesairconditioning.com\/es\/wp-content\/plugins\/radiantthemes-addons\/timeline\/images\/Blank-Image-100x90.jpg\" alt=\"blank image\" width=\"100\" height=\"90\"><div class=\"holder\"><img loading=\"lazy\" decoding=\"async\" width=\"847\" height=\"757\" src=\"https:\/\/www.adgservicesairconditioning.com\/es\/wp-content\/uploads\/2025\/01\/adg-services2.jpg\" class=\"attachment-full size-full\" alt=\"\" srcset=\"https:\/\/www.adgservicesairconditioning.com\/es\/wp-content\/uploads\/2025\/01\/adg-services2.jpg 847w, https:\/\/www.adgservicesairconditioning.com\/es\/wp-content\/uploads\/2025\/01\/adg-services2-300x268.jpg 300w, https:\/\/www.adgservicesairconditioning.com\/es\/wp-content\/uploads\/2025\/01\/adg-services2-768x686.jpg 768w\" sizes=\"auto, (max-width: 847px) 100vw, 847px\" \/><\/div><\/div><\/div><div class=\"radiantthemes-timeline-item-data col-lg-7 col-md-7 col-sm-7 col-xs-12\"><div class=\"holder matchHeight\"><h4>Reparaci\u00f3n de calefacci\u00f3n<\/h4><p>\u00bfSu calentador no funciona correctamente? Nuestros t\u00e9cnicos capacitados brindan reparaciones r\u00e1pidas y confiables para restaurar la calidez de su hogar.<\/p><\/div><\/div><\/div><div class=\"radiantthemes-timeline-item row\"><div class=\"radiantthemes-timeline-item-pic col-lg-5 col-md-5 col-sm-5 col-xs-12\"><div class=\"radiantthemes-timeline-item-pic-main  matchHeight\"><img loading=\"lazy\" decoding=\"async\" src=\"https:\/\/www.adgservicesairconditioning.com\/es\/wp-content\/plugins\/radiantthemes-addons\/timeline\/images\/Blank-Image-100x90.jpg\" alt=\"blank image\" width=\"100\" height=\"90\"><div class=\"holder\"><img loading=\"lazy\" decoding=\"async\" width=\"847\" height=\"757\" src=\"https:\/\/www.adgservicesairconditioning.com\/es\/wp-content\/uploads\/2025\/01\/adg-services1.jpg\" class=\"attachment-full size-full\" alt=\"\" srcset=\"https:\/\/www.adgservicesairconditioning.com\/es\/wp-content\/uploads\/2025\/01\/adg-services1.jpg 847w, https:\/\/www.adgservicesairconditioning.com\/es\/wp-content\/uploads\/2025\/01\/adg-services1-300x268.jpg 300w, https:\/\/www.adgservicesairconditioning.com\/es\/wp-content\/uploads\/2025\/01\/adg-services1-768x686.jpg 768w\" sizes=\"auto, (max-width: 847px) 100vw, 847px\" \/><\/div><\/div><\/div><div class=\"radiantthemes-timeline-item-data col-lg-7 col-md-7 col-sm-7 col-xs-12\"><div class=\"holder matchHeight\"><h4>Mantenimiento de calefacci\u00f3n<\/h4><p>Prevenga aver\u00edas y mejore la eficiencia con nuestros servicios de mantenimiento rutinario. Mantenga su sistema de calefacci\u00f3n en \u00f3ptimas condiciones durante todo el a\u00f1o.<\/p><\/div><\/div><\/div><\/div>[\/vc_column][vc_column width=\u00bb1\/4&#8243; css=\u00bb.vc_custom_1518763663115{margin-top: 0px !important;margin-bottom: 0px !important;padding-top: 0px !important;}\u00bb][vc_row_inner css=\u00bb.vc_custom_1586910162331{margin-top: 0px !important;margin-bottom: 0px !important;padding-top: 0px !important;padding-bottom: 0px !important;background-color: #01548c !important;background-position: center !important;background-repeat: no-repeat !important;background-size: cover !important;border-radius: 15px !important;}\u00bb][vc_column_inner css=\u00bb.vc_custom_1518768764441{margin-top: 0px !important;margin-bottom: 0px !important;padding-top: 35px !important;padding-right: 17px !important;padding-bottom: 50px !important;padding-left: 17px !important;}\u00bb][vc_custom_heading text=\u00bbLl\u00e1menos\u00bb font_container=\u00bbtag:h4|font_size:18|text_align:center|color:%23ffffff\u00bb use_theme_fonts=\u00bbyes\u00bb css=\u00bb.vc_custom_1737507004535{margin-top: 0px !important;margin-bottom: 0px !important;padding-top: 0px !important;padding-bottom: 17px !important;}\u00bb][vc_column_text]<\/p>\n<p style=\"text-align: center;\"><strong style=\"color: #fff; font-size: 20px;\">+1 (832) 881-5406<\/strong><\/p>\n<p>[\/vc_column_text]\r<!-- rt-button2 -->\r<div class=\"rt-button2 element-two hover-style-one exf6278f5ea1a7e9a  button-custom\"  data-button-direction=\"center\" data-button-fullwidth=\"false\" ><a style=\" color: #161617; font-size: 13px;\" class=\"rt-button2-main  vc_custom_1737507013371\" href=\"https:\/\/bit.ly\/3Ws4Adm\"  title=\"Cont\u00e1ctenos\" target=\"_self\"><div class=\"overlay\"><\/div><div class=\"placeholder\">CONT\u00c1CTENOS<\/div><\/a><\/div>\r<!-- rt-button2 -->\r[\/vc_column_inner][\/vc_row_inner][\/vc_column][\/vc_row][vc_row][vc_column][vc_column_text][\/vc_column_text][\/vc_column][\/vc_row][vc_row][vc_column][vc_column_text][\/vc_column_text][\/vc_column][\/vc_row]<\/p>\n","protected":false},"excerpt":{"rendered":"<p>[vc_row full_width=\u00bbstretch_row\u00bb gap=\u00bb20&#8243; css_animation=\u00bbnone\u00bb css=\u00bb.vc_custom_1519364359340{margin-top: 0px !important;margin-right: -15px !important;margin-bottom: 0px !important;margin-left: -15px !important;padding-top: 53px !important;padding-bottom: 65px !important;background-color: #ffffff !important;}\u00bb][vc_column css_animation=\u00bbnone\u00bb width=\u00bb3\/4&#8243; css=\u00bb.vc_custom_1511243001013{padding-top: 0px !important;padding-bottom: 0px !important;}\u00bb][vc_custom_heading text=\u00bbMant\u00e9ngase abrigado durante todo el invierno con calefacci\u00f3n confiable en Houston\u00bb font_container=\u00bbtag:h3|font_size:20px|text_align:left\u00bb use_theme_fonts=\u00bbyes\u00bb css=\u00bb.vc_custom_1737507028448{margin-top: 0px !important;margin-bottom: 0px !important;padding-top: 0px !important;padding-bottom: 1px !important;}\u00bb][vc_custom_heading text=\u00bbSERVICIOS DE CALEFACCI\u00d3N\u00bb font_container=\u00bbtag:h3|font_size:35px|text_align:left|line_height:42px\u00bb use_theme_fonts=\u00bbyes\u00bb css=\u00bb.vc_custom_1737507039952{margin-bottom: 0px [&hellip;]<\/p>\n","protected":false},"author":1,"featured_media":0,"parent":0,"menu_order":0,"comment_status":"closed","ping_status":"closed","template":"","meta":{"footnotes":""},"class_list":["post-9789","page","type-page","status-publish","hentry"],"aioseo_notices":[],"_links":{"self":[{"href":"https:\/\/www.adgservicesairconditioning.com\/es\/wp-json\/wp\/v2\/pages\/9789","targetHints":{"allow":["GET"]}}],"collection":[{"href":"https:\/\/www.adgservicesairconditioning.com\/es\/wp-json\/wp\/v2\/pages"}],"about":[{"href":"https:\/\/www.adgservicesairconditioning.com\/es\/wp-json\/wp\/v2\/types\/page"}],"author":[{"embeddable":true,"href":"https:\/\/www.adgservicesairconditioning.com\/es\/wp-json\/wp\/v2\/users\/1"}],"replies":[{"embeddable":true,"href":"https:\/\/www.adgservicesairconditioning.com\/es\/wp-json\/wp\/v2\/comments?post=9789"}],"version-history":[{"count":8,"href":"https:\/\/www.adgservicesairconditioning.com\/es\/wp-json\/wp\/v2\/pages\/9789\/revisions"}],"predecessor-version":[{"id":9840,"href":"https:\/\/www.adgservicesairconditioning.com\/es\/wp-json\/wp\/v2\/pages\/9789\/revisions\/9840"}],"wp:attachment":[{"href":"https:\/\/www.adgservicesairconditioning.com\/es\/wp-json\/wp\/v2\/media?parent=9789"}],"curies":[{"name":"wp","href":"https:\/\/api.w.org\/{rel}","templated":true}]}}